{"id":117,"date":"2023-08-25T18:41:46","date_gmt":"2023-08-25T16:41:46","guid":{"rendered":"https:\/\/terrasolibe.fr\/?page_id=117"},"modified":"2023-09-03T16:58:32","modified_gmt":"2023-09-03T14:58:32","slug":"qui-sommes-nous","status":"publish","type":"page","link":"https:\/\/terrasolibe.fr\/index.php\/qui-sommes-nous\/","title":{"rendered":"Qui sommes-nous?"},"content":{"rendered":"\n<hr class=\"wp-block-separator has-text-color has-custom-color-1-color has-alpha-channel-opacity has-custom-color-1-background-color has-background is-style-wide\"\/>\n\n\n\n<div class=\"wp-block-group alignfull is-layout-constrained wp-block-group-is-layout-constrained\">\n<p class=\"has-custom-color-1-color has-text-color has-large-font-size\"><strong>TerrASoliB\u00e9<\/strong><\/p>\n\n\n\n<p><strong>TerrASoliB\u00e9 <\/strong>est une petite association humanitaire ayant pour but l&rsquo;amelioration de la qualit\u00e9 de vie au village de Sahou, au B\u00e9nin.<\/p>\n\n\n\n<p>L&rsquo;association est n\u00e9e suite \u00e0 la rencontre entre Isabelle et Mo\u00efse, un pr\u00eatre officiant \u00e0 Sahou. Suite \u00e0 cette rencontre, Isabelle partit un mois en voyage au B\u00e9nin pour se rendre compte de la situation que lui avait peinte le p\u00e8re Mo\u00efse.<\/p>\n\n\n\n<p>A son retour en France, Isabelle monta une \u00e9quipe et cr\u00e9a TerrASoliB\u00e9, afin, d&rsquo;entre autres, aider \u00e0 am\u00e9liorer le quotidien des habitants du village. L&rsquo;association fonctionne sans interm\u00e9diaire et peut oeuvrer via des cotisations, des dons, et\/ou des parrainages individuels et collectifs afin d&rsquo;aider \u00e0 financer des \u00e9tudes et des constructions.<\/p>\n<\/div>\n\n\n\n<hr class=\"wp-block-separator has-text-color has-custom-color-1-color has-alpha-channel-opacity has-custom-color-1-background-color has-background is-style-wide\"\/>\n\n\n\n<p class=\"has-custom-color-1-color has-text-color has-large-font-size\"><strong>Une rencontre<\/strong><\/p>\n\n\n\n<div class=\"wp-block-columns is-layout-flex wp-container-core-columns-is-layout-28f84493 wp-block-columns-is-layout-flex\">\n<div class=\"wp-block-column is-layout-constrained wp-block-column-is-layout-constrained\">\n<p>A son retour en France, Isabelle monta une \u00e9quipe et cr\u00e9a TerrASoliB\u00e9, afin, d&rsquo;entre autres, aider \u00e0 am\u00e9liorer le quotidien des habitants du village. L&rsquo;association fonctionne sans interm\u00e9diaire et peut oeuvrer via des cotisations, des dons, et\/ou des parrainages individuels et collectifs afin d&rsquo;aider \u00e0 financer des \u00e9tudes et des constructions.<\/p>\n<\/div>\n\n\n\n<div class=\"wp-block-column is-vertically-aligned-center is-layout-flow wp-block-column-is-layout-flow\">\n<figure class=\"wp-block-image size-full is-resized\"><img loading=\"lazy\" decoding=\"async\" src=\"https:\/\/terrasolibe.fr\/wp-content\/uploads\/2023\/08\/moise_au_benin.jpg\" alt=\"\" class=\"wp-image-128\" style=\"width:322px;height:269px\" width=\"322\" height=\"269\" srcset=\"https:\/\/terrasolibe.fr\/wp-content\/uploads\/2023\/08\/moise_au_benin.jpg 750w, https:\/\/terrasolibe.fr\/wp-content\/uploads\/2023\/08\/moise_au_benin-300x250.jpg 300w\" sizes=\"auto, (max-width: 322px) 100vw, 322px\" \/><\/figure>\n<\/div>\n<\/div>\n\n\n\n<hr class=\"wp-block-separator has-text-color has-custom-color-1-color has-alpha-channel-opacity has-custom-color-1-background-color has-background is-style-wide\"\/>\n\n\n\n<p class=\"has-custom-color-1-color has-text-color has-large-font-size\"><strong>Sahou<\/strong><\/p>\n\n\n\n<p>Sahou est un petit village d\u2019environ 1200 habitants, qui fait partie du canton de Sokouh\u00e9. Le canton compte environ 14000 habitants, et se situe au sud du B\u00e9nin \u00e0 3 heures de route au Nord de Cotonou entre Aplahou\u00e9 et Lokossa.<\/p>\n\n\n\n<div class=\"wp-block-columns is-layout-flex wp-container-core-columns-is-layout-28f84493 wp-block-columns-is-layout-flex\">\n<div class=\"wp-block-column is-layout-constrained wp-block-column-is-layout-constrained\">\n<figure class=\"wp-block-image size-full is-resized\"><img loading=\"lazy\" decoding=\"async\" src=\"https:\/\/terrasolibe.fr\/wp-content\/uploads\/2023\/08\/sahou_1.jpg\" alt=\"\" class=\"wp-image-129\" style=\"width:317px;height:271px\" width=\"317\" height=\"271\" srcset=\"https:\/\/terrasolibe.fr\/wp-content\/uploads\/2023\/08\/sahou_1.jpg 651w, https:\/\/terrasolibe.fr\/wp-content\/uploads\/2023\/08\/sahou_1-300x256.jpg 300w\" sizes=\"auto, (max-width: 317px) 100vw, 317px\" \/><\/figure>\n<\/div>\n\n\n\n<div class=\"wp-block-column is-layout-constrained wp-block-column-is-layout-constrained\">\n<figure class=\"wp-block-image size-full is-resized\"><img loading=\"lazy\" decoding=\"async\" src=\"https:\/\/terrasolibe.fr\/wp-content\/uploads\/2023\/08\/sahou_2.jpg\" alt=\"\" class=\"wp-image-130\" style=\"width:252px;height:280px\" width=\"252\" height=\"280\" srcset=\"https:\/\/terrasolibe.fr\/wp-content\/uploads\/2023\/08\/sahou_2.jpg 508w, https:\/\/terrasolibe.fr\/wp-content\/uploads\/2023\/08\/sahou_2-270x300.jpg 270w\" sizes=\"auto, (max-width: 252px) 100vw, 252px\" \/><\/figure>\n<\/div>\n<\/div>\n\n\n\n<figure class=\"wp-block-image aligncenter size-full is-resized\"><img loading=\"lazy\" decoding=\"async\" src=\"https:\/\/terrasolibe.fr\/wp-content\/uploads\/2023\/08\/petit-qui-bossent-et-cabanon-scaled.jpg\" alt=\"\" class=\"wp-image-131\" style=\"width:364px;height:204px\" width=\"364\" height=\"204\" srcset=\"https:\/\/terrasolibe.fr\/wp-content\/uploads\/2023\/08\/petit-qui-bossent-et-cabanon-scaled.jpg 2560w, https:\/\/terrasolibe.fr\/wp-content\/uploads\/2023\/08\/petit-qui-bossent-et-cabanon-300x169.jpg 300w, https:\/\/terrasolibe.fr\/wp-content\/uploads\/2023\/08\/petit-qui-bossent-et-cabanon-1024x576.jpg 1024w, https:\/\/terrasolibe.fr\/wp-content\/uploads\/2023\/08\/petit-qui-bossent-et-cabanon-768x432.jpg 768w, https:\/\/terrasolibe.fr\/wp-content\/uploads\/2023\/08\/petit-qui-bossent-et-cabanon-1536x864.jpg 1536w, https:\/\/terrasolibe.fr\/wp-content\/uploads\/2023\/08\/petit-qui-bossent-et-cabanon-2048x1152.jpg 2048w\" sizes=\"auto, (max-width: 364px) 100vw, 364px\" \/><\/figure>\n\n\n\n<hr class=\"wp-block-separator has-text-color has-custom-color-1-color has-alpha-channel-opacity has-custom-color-1-background-color has-background is-style-wide\"\/>\n\n\n\n<p class=\"has-custom-color-1-color has-text-color has-large-font-size\"><strong>Une premi\u00e8re initiative du coeur<\/strong><\/p>\n\n\n\n<div class=\"wp-block-columns is-layout-flex wp-container-core-columns-is-layout-28f84493 wp-block-columns-is-layout-flex\">\n<div class=\"wp-block-column is-layout-constrained wp-block-column-is-layout-constrained\" style=\"flex-basis:100%\">\n<figure class=\"wp-block-image size-full\"><img loading=\"lazy\" decoding=\"async\" width=\"441\" height=\"819\" src=\"https:\/\/terrasolibe.fr\/wp-content\/uploads\/2023\/08\/noel-2019-sahou.jpg\" alt=\"\" class=\"wp-image-148\" srcset=\"https:\/\/terrasolibe.fr\/wp-content\/uploads\/2023\/08\/noel-2019-sahou.jpg 441w, https:\/\/terrasolibe.fr\/wp-content\/uploads\/2023\/08\/noel-2019-sahou-162x300.jpg 162w\" sizes=\"auto, (max-width: 441px) 100vw, 441px\" \/><\/figure>\n<\/div>\n\n\n\n<div class=\"wp-block-column is-vertically-aligned-center is-layout-flow wp-block-column-is-layout-flow\" style=\"flex-basis:150%\">\n<figure class=\"wp-block-image size-full is-resized\"><img loading=\"lazy\" decoding=\"async\" src=\"https:\/\/terrasolibe.fr\/wp-content\/uploads\/2023\/08\/noel-2019-sahou-2.jpg\" alt=\"\" class=\"wp-image-149\" style=\"width:357px;height:240px\" width=\"357\" height=\"240\" srcset=\"https:\/\/terrasolibe.fr\/wp-content\/uploads\/2023\/08\/noel-2019-sahou-2.jpg 902w, https:\/\/terrasolibe.fr\/wp-content\/uploads\/2023\/08\/noel-2019-sahou-2-300x201.jpg 300w, https:\/\/terrasolibe.fr\/wp-content\/uploads\/2023\/08\/noel-2019-sahou-2-768x515.jpg 768w\" sizes=\"auto, (max-width: 357px) 100vw, 357px\" \/><\/figure>\n\n\n\n<p>Nous sommes rest\u00e9s en contact avec Mo\u00efse apr\u00e8s son retour au B\u00e9nin, et nous avons d\u00e9cid\u00e9 d\u2019offrir aux enfants de son village une journ\u00e9e de No\u00ebl qui sorte de l\u2019ordinaire gr\u00e2ce \u00e0 de premiers dons r\u00e9colt\u00e9s dans notre entourage.<\/p>\n<\/div>\n<\/div>\n\n\n\n<hr class=\"wp-block-separator has-text-color has-custom-color-1-color has-alpha-channel-opacity has-custom-color-1-background-color has-background is-style-wide\"\/>\n\n\n\n<p class=\"has-custom-color-1-color has-text-color has-large-font-size\"><strong>\u00ab&nbsp;Touch\u00e9e en plein c\u0153ur&nbsp;\u00bb : t\u00e9moignage<\/strong><\/p>\n\n\n\n<p><em>Partie \u00e0 la d\u00e9couverte du B\u00e9nin du 2 f\u00e9vrier au 2 mars 2020 dans la paroisse du P\u00e8re Mo\u00efse Sokegbe, j\u2019ai v\u00e9cu en immersion&nbsp;<strong>pendant un mois<\/strong>&nbsp;avec les habitants du village de Sahou.<\/em><\/p>\n\n\n\n<div class=\"wp-block-columns is-layout-flex wp-container-core-columns-is-layout-28f84493 wp-block-columns-is-layout-flex\">\n<div class=\"wp-block-column is-layout-constrained wp-block-column-is-layout-constrained\" style=\"flex-basis:100%\">\n<p><em>Une vie simple, difficile aussi, o\u00f9 l\u2019on va \u00e0 l\u2019essentiel : l\u2019essentiel dans la vie quotidienne (on vit souvent sans eau ni \u00e9lectricit\u00e9), l\u2019essentiel dans les rencontres humaines sinc\u00e8res, chaleureuses et d\u2019une grande g\u00e9n\u00e9rosit\u00e9, l\u2019essentiel dans la vie spirituelle si fervente et incarn\u00e9e. Une vie toute ordinaire o\u00f9 l\u2019on prend le temps de vivre vraiment le moment pr\u00e9sent, en v\u00e9rit\u00e9.<\/em><\/p>\n\n\n\n<p><em>J\u2019ai \u00e9t\u00e9 accueillie non comme une \u00e9trang\u00e8re mais bien comme une s\u0153ur !<\/em><\/p>\n\n\n\n<p><em>J\u2019en remercie infiniment tous ceux que j\u2019ai crois\u00e9s. Ils m\u2019ont fait d\u00e9couvrir&nbsp;<strong>ce pays qui m\u2019a saisie et touch\u00e9e en plein c\u0153ur<\/strong>&nbsp;et o\u00f9 il y a tant \u00e0 faire encore pour qu\u2019il se d\u00e9veloppe.<\/em><\/p>\n<\/div>\n\n\n\n<div class=\"wp-block-column is-vertically-aligned-center is-layout-flow wp-block-column-is-layout-flow\" style=\"flex-basis:100%\">\n<figure class=\"wp-block-image size-full\"><img loading=\"lazy\" decoding=\"async\" width=\"411\" height=\"374\" src=\"https:\/\/terrasolibe.fr\/wp-content\/uploads\/2023\/08\/isabelle_ecole_sahou.jpg\" alt=\"\" class=\"wp-image-162\" srcset=\"https:\/\/terrasolibe.fr\/wp-content\/uploads\/2023\/08\/isabelle_ecole_sahou.jpg 411w, https:\/\/terrasolibe.fr\/wp-content\/uploads\/2023\/08\/isabelle_ecole_sahou-300x273.jpg 300w\" sizes=\"auto, (max-width: 411px) 100vw, 411px\" \/><\/figure>\n<\/div>\n<\/div>\n\n\n\n<hr class=\"wp-block-separator has-text-color has-custom-color-1-color has-alpha-channel-opacity has-custom-color-1-background-color has-background is-style-wide\"\/>\n\n\n\n<p class=\"has-text-align-center has-custom-color-1-color has-text-color has-large-font-size\"><strong>L&rsquo;\u00e9quipe en France<\/strong><\/p>\n\n\n\n<div class=\"wp-block-columns is-layout-flex wp-container-core-columns-is-layout-28f84493 wp-block-columns-is-layout-flex\">\n<div class=\"wp-block-column is-layout-constrained wp-block-column-is-layout-constrained\">\n<figure class=\"wp-block-image aligncenter size-full\"><img loading=\"lazy\" decoding=\"async\" width=\"158\" height=\"157\" src=\"https:\/\/terrasolibe.fr\/wp-content\/uploads\/2023\/08\/isabelle.png\" alt=\"\" class=\"wp-image-168\" srcset=\"https:\/\/terrasolibe.fr\/wp-content\/uploads\/2023\/08\/isabelle.png 158w, https:\/\/terrasolibe.fr\/wp-content\/uploads\/2023\/08\/isabelle-150x150.png 150w\" sizes=\"auto, (max-width: 158px) 100vw, 158px\" \/><\/figure>\n\n\n\n<p class=\"has-text-align-center\" style=\"margin-top:0;margin-right:0;margin-bottom:0;margin-left:0\"><strong>Isabelle<\/strong><\/p>\n\n\n\n<p class=\"has-text-align-center\" style=\"margin-top:0;margin-bottom:0\">Pr\u00e9sidente &#8211; Coordinatrice<\/p>\n<\/div>\n\n\n\n<div class=\"wp-block-column is-content-justification-center is-layout-constrained wp-block-column-is-layout-constrained\">\n<figure class=\"wp-block-image aligncenter size-full is-resized\"><img loading=\"lazy\" decoding=\"async\" src=\"https:\/\/terrasolibe.fr\/wp-content\/uploads\/2023\/08\/patricia.png\" alt=\"\" class=\"wp-image-177\" style=\"object-fit:contain;width:153px;height:178px\" width=\"153\" height=\"178\"\/><\/figure>\n\n\n\n<p class=\"has-text-align-center\" style=\"margin-top:0;margin-right:0;margin-bottom:0;margin-left:0\"><strong>Patricia<\/strong><\/p>\n\n\n\n<p class=\"has-text-align-center\" style=\"margin-top:0;margin-bottom:0\">Tr\u00e9sori\u00e8re<\/p>\n<\/div>\n\n\n\n<div class=\"wp-block-column is-content-justification-center is-layout-constrained wp-block-column-is-layout-constrained\">\n<figure class=\"wp-block-image aligncenter size-full is-resized\"><img loading=\"lazy\" decoding=\"async\" src=\"https:\/\/terrasolibe.fr\/wp-content\/uploads\/2023\/08\/moise.jpg\" alt=\"\" class=\"wp-image-179\" style=\"object-fit:contain;width:153px;height:178px\" width=\"153\" height=\"178\"\/><\/figure>\n\n\n\n<p class=\"has-text-align-center\" style=\"margin-top:0;margin-right:0;margin-bottom:0;margin-left:0\"><strong>Mo\u00efse<\/strong><\/p>\n\n\n\n<p class=\"has-text-align-center\" style=\"margin-top:0;margin-bottom:0\">Membre d&rsquo;honneur<\/p>\n<\/div>\n<\/div>\n\n\n\n<div class=\"wp-block-columns is-layout-flex wp-container-core-columns-is-layout-28f84493 wp-block-columns-is-layout-flex\">\n<div class=\"wp-block-column is-layout-constrained wp-block-column-is-layout-constrained\" style=\"flex-basis:100%\">\n<figure class=\"wp-block-image aligncenter size-full\"><img loading=\"lazy\" decoding=\"async\" width=\"127\" height=\"160\" src=\"https:\/\/terrasolibe.fr\/wp-content\/uploads\/2023\/08\/emmanuelle.png\" alt=\"\" class=\"wp-image-182\"\/><\/figure>\n\n\n\n<p class=\"has-text-align-center\" style=\"margin-top:0;margin-right:0;margin-bottom:0;margin-left:0\"><strong>Emmanuelle<\/strong><\/p>\n\n\n\n<p class=\"has-text-align-center\" style=\"margin-top:0;margin-bottom:0\">Communication &#8211; Parrainages<\/p>\n<\/div>\n\n\n\n<div class=\"wp-block-column is-content-justification-center is-layout-constrained wp-block-column-is-layout-constrained\" style=\"flex-basis:100%\">\n<figure class=\"wp-block-image aligncenter size-full is-resized\"><img loading=\"lazy\" decoding=\"async\" src=\"https:\/\/terrasolibe.fr\/wp-content\/uploads\/2023\/08\/eric.png\" alt=\"\" class=\"wp-image-183\" style=\"object-fit:contain;width:153px;height:178px\" width=\"153\" height=\"178\"\/><\/figure>\n\n\n\n<p class=\"has-text-align-center\" style=\"margin-top:0;margin-right:0;margin-bottom:0;margin-left:0\"><strong>Eric<\/strong><\/p>\n\n\n\n<p class=\"has-text-align-center\" style=\"margin-top:0;margin-bottom:0\">Consultant b\u00e9n\u00e9vole<\/p>\n<\/div>\n\n\n\n<div class=\"wp-block-column is-content-justification-center is-layout-constrained wp-block-column-is-layout-constrained\" style=\"flex-basis:100%\">\n<figure class=\"wp-block-image aligncenter size-full is-resized\"><img loading=\"lazy\" decoding=\"async\" src=\"https:\/\/terrasolibe.fr\/wp-content\/uploads\/2023\/08\/colette.png\" alt=\"\" class=\"wp-image-184\" style=\"object-fit:contain;width:153px;height:178px\" width=\"153\" height=\"178\"\/><\/figure>\n\n\n\n<p class=\"has-text-align-center\" style=\"margin-top:0;margin-right:0;margin-bottom:0;margin-left:0\"><strong>Colette<\/strong><\/p>\n\n\n\n<p class=\"has-text-align-center\" style=\"margin-top:0;margin-bottom:0\">Parrainages<\/p>\n<\/div>\n<\/div>\n\n\n\n<hr class=\"wp-block-separator has-text-color has-custom-color-1-color has-alpha-channel-opacity has-custom-color-1-background-color has-background is-style-wide\"\/>\n\n\n\n<p class=\"has-text-align-center has-custom-color-1-color has-text-color has-large-font-size\"><strong>L&rsquo;\u00e9quipe au B\u00e9nin<\/strong><\/p>\n\n\n\n<div class=\"wp-block-columns is-layout-flex wp-container-core-columns-is-layout-28f84493 wp-block-columns-is-layout-flex\">\n<div class=\"wp-block-column is-layout-constrained wp-block-column-is-layout-constrained\">\n<figure class=\"wp-block-image aligncenter size-full is-resized\"><img loading=\"lazy\" decoding=\"async\" src=\"https:\/\/terrasolibe.fr\/wp-content\/uploads\/2023\/08\/steph.jpg\" alt=\"\" class=\"wp-image-187\" style=\"width:175px;height:290px\" width=\"175\" height=\"290\" srcset=\"https:\/\/terrasolibe.fr\/wp-content\/uploads\/2023\/08\/steph.jpg 410w, https:\/\/terrasolibe.fr\/wp-content\/uploads\/2023\/08\/steph-181x300.jpg 181w\" sizes=\"auto, (max-width: 175px) 100vw, 175px\" \/><\/figure>\n\n\n\n<p class=\"has-text-align-center\" style=\"margin-top:0;margin-right:0;margin-bottom:0;margin-left:0\"><strong>St\u00e9phane<\/strong><\/p>\n\n\n\n<p class=\"has-text-align-center\" style=\"margin-top:0;margin-bottom:0\">Repr\u00e9sentant principal de TerrASoliB\u00e9 au B\u00e9nin<\/p>\n<\/div>\n\n\n\n<div class=\"wp-block-column is-content-justification-center is-layout-constrained wp-block-column-is-layout-constrained\">\n<figure class=\"wp-block-image aligncenter size-full is-resized\"><img loading=\"lazy\" decoding=\"async\" src=\"https:\/\/terrasolibe.fr\/wp-content\/uploads\/2023\/08\/BenoiteBossou.jpg\" alt=\"\" class=\"wp-image-188\" style=\"object-fit:contain;width:260px;height:302px\" width=\"260\" height=\"302\"\/><\/figure>\n\n\n\n<p class=\"has-text-align-center\" style=\"margin-top:0;margin-right:0;margin-bottom:0;margin-left:0\"><strong>Beno\u00eete<\/strong><\/p>\n\n\n\n<p class=\"has-text-align-center\" style=\"margin-top:0;margin-bottom:0\">Directrice de l&rsquo;\u00e9cole<br>Contact pour le parrainage collectif<\/p>\n<\/div>\n\n\n\n<div class=\"wp-block-column is-content-justification-center is-layout-constrained wp-block-column-is-layout-constrained\">\n<figure class=\"wp-block-image aligncenter size-full is-resized\"><img loading=\"lazy\" decoding=\"async\" src=\"https:\/\/terrasolibe.fr\/wp-content\/uploads\/2023\/08\/Frida.jpg\" alt=\"\" class=\"wp-image-189\" style=\"object-fit:contain;width:222px;height:258px\" width=\"222\" height=\"258\"\/><\/figure>\n\n\n\n<p class=\"has-text-align-center\" style=\"margin-top:0;margin-right:0;margin-bottom:0;margin-left:0\"><strong>Frida<\/strong><\/p>\n\n\n\n<p class=\"has-text-align-center\" style=\"margin-top:0;margin-bottom:0\">Infirmi\u00e8re<br>Contact pour le parrainage sant\u00e9<\/p>\n<\/div>\n<\/div>\n","protected":false},"excerpt":{"rendered":"<p>TerrASoliB\u00e9 TerrASoliB\u00e9 est une petite association humanitaire ayant pour but l&rsquo;amelioration de la qualit\u00e9 de vie au village de Sahou, au B\u00e9nin. L&rsquo;association est n\u00e9e suite \u00e0 la rencontre entre Isabelle et Mo\u00efse, un pr\u00eatre officiant \u00e0 Sahou. Suite \u00e0 cette rencontre, Isabelle partit un mois en voyage au B\u00e9nin pour se rendre compte de [&hellip;]<\/p>\n","protected":false},"author":1,"featured_media":0,"parent":0,"menu_order":0,"comment_status":"closed","ping_status":"closed","template":"","meta":{"footnotes":""},"class_list":["post-117","page","type-page","status-publish","hentry"],"_links":{"self":[{"href":"https:\/\/terrasolibe.fr\/index.php\/wp-json\/wp\/v2\/pages\/117","targetHints":{"allow":["GET"]}}],"collection":[{"href":"https:\/\/terrasolibe.fr\/index.php\/wp-json\/wp\/v2\/pages"}],"about":[{"href":"https:\/\/terrasolibe.fr\/index.php\/wp-json\/wp\/v2\/types\/page"}],"author":[{"embeddable":true,"href":"https:\/\/terrasolibe.fr\/index.php\/wp-json\/wp\/v2\/users\/1"}],"replies":[{"embeddable":true,"href":"https:\/\/terrasolibe.fr\/index.php\/wp-json\/wp\/v2\/comments?post=117"}],"version-history":[{"count":49,"href":"https:\/\/terrasolibe.fr\/index.php\/wp-json\/wp\/v2\/pages\/117\/revisions"}],"predecessor-version":[{"id":472,"href":"https:\/\/terrasolibe.fr\/index.php\/wp-json\/wp\/v2\/pages\/117\/revisions\/472"}],"wp:attachment":[{"href":"https:\/\/terrasolibe.fr\/index.php\/wp-json\/wp\/v2\/media?parent=117"}],"curies":[{"name":"wp","href":"https:\/\/api.w.org\/{rel}","templated":true}]}}